{"id":15,"date":"2016-01-28T14:40:14","date_gmt":"2016-01-28T13:40:14","guid":{"rendered":"http:\/\/lagrasseay.cluster011.ovh.net\/?page_id=15"},"modified":"2016-12-20T17:05:53","modified_gmt":"2016-12-20T16:05:53","slug":"le-village","status":"publish","type":"page","link":"http:\/\/www.lagrasse.fr\/?page_id=15","title":{"rendered":"La Cit\u00e9 M\u00e9di\u00e9vale"},"content":{"rendered":"<p>[vc_row full_width=\u00a0\u00bbstretch_row_content_no_spaces\u00a0\u00bb css=\u00a0\u00bb.vc_custom_1480434066223{margin-top: -30px !important;background-color: #ffffff !important;}\u00a0\u00bb][vc_column][vc_tta_tabs alignment=\u00a0\u00bbcenter\u00a0\u00bb active_section=\u00a0\u00bb1&Prime;][vc_tta_section i_icon_fontawesome=\u00a0\u00bbfa fa-picture-o\u00a0\u00bb add_icon=\u00a0\u00bbtrue\u00a0\u00bb title=\u00a0\u00bbDescriptif\u00a0\u00bb tab_id=\u00a0\u00bb1459367215500-d1f20c47-77a3&Prime;][vc_empty_space height=\u00a0\u00bb50px\u00a0\u00bb][vc_custom_heading text=\u00a0\u00bbLe village\u00a0\u00bb font_container=\u00a0\u00bbtag:h2|text_align:center\u00a0\u00bb google_fonts=\u00a0\u00bbfont_family:Neuton%3A200%2C300%2Cregular%2Citalic%2C700%2C800|font_style:400%20regular%3A400%3Anormal\u00a0\u00bb][vc_row_inner][vc_column_inner][vc_single_image image=\u00a0\u00bb189&Prime; img_size=\u00a0\u00bbfull\u00a0\u00bb css=\u00a0\u00bb.vc_custom_1481014326226{margin-right: 100px !important;margin-left: 100px !important;}\u00a0\u00bb][vc_column_text css=\u00a0\u00bb.vc_custom_1481014418787{margin-top: -50px !important;margin-right: 100px !important;margin-left: 100px !important;}\u00a0\u00bb]<\/p>\n<p style=\"text-align: center;\">Fond\u00e9e par Charlemagne, la puissante abbaye b\u00e9n\u00e9dictine de Lagrasse vit se d\u00e9velopper une cit\u00e9 florissante, sur la rive oppos\u00e9e de l\u2019Orbieu. De la prosp\u00e9rit\u00e9 de l\u2019abbaye \u00e9tait n\u00e9 le village.<\/p>\n<p style=\"text-align: center;\">C\u00e9l\u00e8bre pour son activit\u00e9 drapi\u00e8re, cette cit\u00e9 commer\u00e7ante, largement tourn\u00e9e vers l\u2019artisanat, accueillait au Moyen-\u00e2ge le plus grand march\u00e9 des Basses Corbi\u00e8res.<\/p>\n<p>[\/vc_column_text][vc_separator color=\u00a0\u00bbcustom\u00a0\u00bb el_width=\u00a0\u00bb60&Prime; accent_color=\u00a0\u00bb#9d2a5a\u00a0\u00bb][\/vc_column_inner][\/vc_row_inner][vc_row_inner css=\u00a0\u00bb.vc_custom_1481014770439{margin-right: 100px !important;margin-left: 100px !important;}\u00a0\u00bb][vc_column_inner width=\u00a0\u00bb1\/2&Prime;][vc_custom_heading text=\u00a0\u00bbLes anciens remparts\u00a0\u00bb font_container=\u00a0\u00bbtag:h2|text_align:center\u00a0\u00bb google_fonts=\u00a0\u00bbfont_family:Neuton%3A200%2C300%2Cregular%2Citalic%2C700%2C800|font_style:400%20regular%3A400%3Anormal\u00a0\u00bb][vc_column_text css=\u00a0\u00bb.vc_custom_1482160507921{padding-right: 20px !important;padding-left: 20px !important;}\u00a0\u00bb]<\/p>\n<p style=\"text-align: center;\">De l&rsquo;ensemble des fortifications du village subsistent encore quelques vestiges, dont la Tour de plaisance ou Grand Tourreil, et la \u00ab\u00a0Porte de l&rsquo;Eau\u00a0\u00bb, seule sortie de ville c\u00f4t\u00e9 sud.<\/p>\n<p>[\/vc_column_text][vc_single_image image=\u00a0\u00bb324&Prime; img_size=\u00a0\u00bbfull\u00a0\u00bb alignment=\u00a0\u00bbcenter\u00a0\u00bb css=\u00a0\u00bb.vc_custom_1482160399041{padding-right: 20px !important;padding-left: 20px !important;}\u00a0\u00bb][\/vc_column_inner][vc_column_inner width=\u00a0\u00bb1\/2&Prime;][vc_custom_heading text=\u00a0\u00bbLe vieux pont\u00a0\u00bb font_container=\u00a0\u00bbtag:h2|text_align:center\u00a0\u00bb google_fonts=\u00a0\u00bbfont_family:Neuton%3A200%2C300%2Cregular%2Citalic%2C700%2C800|font_style:400%20regular%3A400%3Anormal\u00a0\u00bb][vc_column_text css=\u00a0\u00bb.vc_custom_1481014227512{margin-right: 20px !important;margin-left: 20px !important;}\u00a0\u00bb]<\/p>\n<p style=\"text-align: center;\">Le \u00ab\u00a0Pont Vieux\u00a0\u00bb \u00e0 dos d&rsquo;\u00e2ne, qui relie le bourg \u00e0 l&rsquo;abbaye, appara\u00eet sur un sceau de 1303. Il fut remani\u00e9 au XVIIe et XIXe si\u00e8cles. L&rsquo;ouvrage, qui se compose de trois arches in\u00e9gales, \u00e9tait initialement surmont\u00e9 de deux tours.<\/p>\n<p>[\/vc_column_text][vc_single_image image=\u00a0\u00bb503&Prime; img_size=\u00a0\u00bbfull\u00a0\u00bb css=\u00a0\u00bb.vc_custom_1481015303432{padding-right: 20px !important;padding-left: 20px !important;}\u00a0\u00bb][\/vc_column_inner][\/vc_row_inner][vc_separator color=\u00a0\u00bbcustom\u00a0\u00bb el_width=\u00a0\u00bb60&Prime; accent_color=\u00a0\u00bb#9d2a5a\u00a0\u00bb][vc_row_inner css=\u00a0\u00bb.vc_custom_1481013949701{margin-right: 100px !important;margin-left: 100px !important;}\u00a0\u00bb][vc_column_inner][vc_custom_heading text=\u00a0\u00bbLa halle\u00a0\u00bb font_container=\u00a0\u00bbtag:h2|text_align:center\u00a0\u00bb google_fonts=\u00a0\u00bbfont_family:Neuton%3A200%2C300%2Cregular%2Citalic%2C700%2C800|font_style:400%20regular%3A400%3Anormal\u00a0\u00bb][vc_column_text css=\u00a0\u00bb.vc_custom_1481015158968{margin-right: 20px !important;margin-left: 20px !important;}\u00a0\u00bb]<\/p>\n<p style=\"text-align: center;\">V\u00e9ritable joyau de l&rsquo;architecture m\u00e9di\u00e9vale, la halle a \u00e9t\u00e9 am\u00e9nag\u00e9e en 1315 \u00e0 l&rsquo;occasion du transfert du march\u00e9 de Lagrasse qui auparavant \u00e9tait situ\u00e9 extra-muros.<\/p>\n<p style=\"text-align: center;\">Avec ses rues adjacentes, la place constituait un centre commercial important jusqu&rsquo;\u00e0 la premi\u00e8re guerre mondiale.<\/p>\n<p>[\/vc_column_text][vc_single_image image=\u00a0\u00bb500&Prime; img_size=\u00a0\u00bbfull\u00a0\u00bb alignment=\u00a0\u00bbcenter\u00a0\u00bb css=\u00a0\u00bb.vc_custom_1481015006327{padding-right: 20px !important;padding-left: 20px !important;}\u00a0\u00bb][\/vc_column_inner][\/vc_row_inner][vc_separator color=\u00a0\u00bbcustom\u00a0\u00bb el_width=\u00a0\u00bb60&Prime; accent_color=\u00a0\u00bb#9d2a5a\u00a0\u00bb][vc_custom_heading text=\u00a0\u00bbL&rsquo;\u00e9glise Saint-Michel\u00a0\u00bb font_container=\u00a0\u00bbtag:h2|text_align:center\u00a0\u00bb google_fonts=\u00a0\u00bbfont_family:Neuton%3A200%2C300%2Cregular%2Citalic%2C700%2C800|font_style:400%20regular%3A400%3Anormal\u00a0\u00bb][vc_row_inner css=\u00a0\u00bb.vc_custom_1481013964052{margin-right: 100px !important;margin-left: 100px !important;}\u00a0\u00bb][vc_column_inner width=\u00a0\u00bb2\/3&Prime;][vc_single_image image=\u00a0\u00bb441&Prime; img_size=\u00a0\u00bbfull\u00a0\u00bb alignment=\u00a0\u00bbright\u00a0\u00bb][\/vc_column_inner][vc_column_inner width=\u00a0\u00bb1\/3&Prime;][vc_column_text css=\u00a0\u00bb.vc_custom_1480603429425{padding-left: 20px !important;}\u00a0\u00bb]Install\u00e9e au coeur du vieux bourg, l&rsquo;\u00e9glise paroissiale est class\u00e9e Monument Historique . Erig\u00e9 de 1359 \u00e0 1398, l&rsquo;\u00e9difice constitue l&rsquo;exemple type de l&rsquo;\u00e9glise gothique \u00e0 nef unique de la r\u00e9gion.<br \/>\nDepuis la R\u00e9volution, Saint Michel de Lagrasse renferme un riche mobilier provenant essentiellement de l&rsquo;abbaye.[\/vc_column_text][\/vc_column_inner][\/vc_row_inner][vc_row_inner css=\u00a0\u00bb.vc_custom_1481013978841{margin-right: 100px !important;margin-left: 100px !important;}\u00a0\u00bb][vc_column_inner width=\u00a0\u00bb1\/2&Prime;][vc_custom_heading text=\u00a0\u00bbLa chapelle Notre Dame du Carla\u00a0\u00bb font_container=\u00a0\u00bbtag:h2|text_align:center\u00a0\u00bb google_fonts=\u00a0\u00bbfont_family:Neuton%3A200%2C300%2Cregular%2Citalic%2C700%2C800|font_style:400%20regular%3A400%3Anormal\u00a0\u00bb][vc_single_image image=\u00a0\u00bb1157&Prime; img_size=\u00a0\u00bbfull\u00a0\u00bb alignment=\u00a0\u00bbcenter\u00a0\u00bb css=\u00a0\u00bb.vc_custom_1482160412388{padding-right: 20px !important;padding-left: 20px !important;}\u00a0\u00bb][\/vc_column_inner][vc_column_inner width=\u00a0\u00bb1\/2&Prime;][vc_custom_heading text=\u00a0\u00bbLa maison du patrimoine\u00a0\u00bb font_container=\u00a0\u00bbtag:h2|text_align:center\u00a0\u00bb google_fonts=\u00a0\u00bbfont_family:Neuton%3A200%2C300%2Cregular%2Citalic%2C700%2C800|font_style:400%20regular%3A400%3Anormal\u00a0\u00bb][vc_column_text css=\u00a0\u00bb.vc_custom_1482160496808{padding-right: 20px !important;padding-left: 20px !important;}\u00a0\u00bb]La Maison du Patrimoine de Lagrasse, lieu de\u00a0 m\u00e9moire de la cit\u00e9 et de son territoire,\u00a0 est l\u2019ancien presbyt\u00e8re ou cappellenie, b\u00e2ti dans la deuxi\u00e8me moiti\u00e9 du XV\u00e8me si\u00e8cle. C\u2019est un b\u00e2timent d\u2019aspect ext\u00e9rieur sobre, mais dont certaines pi\u00e8ces s\u2019ornent de splendides plafonds \u00e0 la fran\u00e7aise, compos\u00e9s de 131 panneaux peints. Leur richesse et leur qualit\u00e9 esth\u00e9tique autant que leur int\u00e9r\u00eat historique leur a valu le classement au titre des Monuments Historiques.[\/vc_column_text][vc_single_image image=\u00a0\u00bb1158&Prime; img_size=\u00a0\u00bbfull\u00a0\u00bb alignment=\u00a0\u00bbcenter\u00a0\u00bb][\/vc_column_inner][\/vc_row_inner][\/vc_tta_section][vc_tta_section i_icon_fontawesome=\u00a0\u00bbfa fa-quote-left\u00a0\u00bb add_icon=\u00a0\u00bbtrue\u00a0\u00bb title=\u00a0\u00bbHistoire\u00a0\u00bb tab_id=\u00a0\u00bb1459367215499-4590ddb0-4cbe\u00a0\u00bb][vc_empty_space height=\u00a0\u00bb50px\u00a0\u00bb][vc_row_inner css=\u00a0\u00bb.vc_custom_1481278087469{margin-right: 100px !important;margin-left: 100px !important;}\u00a0\u00bb][vc_column_inner width=\u00a0\u00bb1\/3&Prime;][vc_single_image image=\u00a0\u00bb1174&Prime; img_size=\u00a0\u00bbfull\u00a0\u00bb alignment=\u00a0\u00bbright\u00a0\u00bb css=\u00a0\u00bb.vc_custom_1482249858467{padding-right: 20px !important;}\u00a0\u00bb][\/vc_column_inner][vc_column_inner width=\u00a0\u00bb2\/3&Prime;][vc_column_text]HISTORIQUE<\/p>\n<p>Install\u00e9e dans la vall\u00e9e de l\u2019Orbieu, la localit\u00e9 est plac\u00e9e dans la zone m\u00e9ridionale du massif de l\u2019Alaric. Son toponyme Lagrasse provient du terme occitan \u00ab\u00a0grassa\u00a0\u00bb (fertile).<b><\/b><\/p>\n<p>Comme la plupart des bourgs abbatiaux, c\u2019est l\u2019abbaye fond\u00e9e avant l\u2019an 800, qui \u00a0va donner naissance au village. Le bourg initial \u00e9tait\u00a0 construit \u00a0tout proche du monast\u00e8re sur la rive gauche de l\u2019Orbieu, \u00e0 l\u2019emplacement du cimeti\u00e8re actuel. Il avait son \u00e9glise, dont subsiste encore quelques traces, ses <a href=\"http:\/\/www.lagrasse.fr\/Histoire.html#\">halles<\/a>, puisque nous savons que notre march\u00e9 couvert a \u00e9t\u00e9 transf\u00e9r\u00e9 sur la rive droite au XIV<sup>\u00e8me<\/sup> si\u00e8cle. C\u2019est par manque de place que les premiers Lagrassiens ont\u00a0 du immigrer sur l\u2019autre rive de la rivi\u00e8re.<\/p>\n<p>L\u2019implantation du village semble ob\u00e9ir \u00e0 une planification\u00a0 qui se traduit par un plan relativement r\u00e9gulier en fonction de la topographie du terrain et du cours d\u2019eau.<br \/>\n&#8211;\u00a0rues en longueur d\u2019un bout \u00e0 l\u2019autre du bourg, avec quelques rues en travers, formant des \u00ab\u00a0p\u00e2t\u00e9s\u00a0\u00bb de maisons.<br \/>\n&#8211;\u00a0leur pavage et la pente du terrain facilite l\u2019\u00e9coulement des eaux.<\/p>\n<p>Certainement\u00a0 la construction du bourg s\u2019est effectu\u00e9e \u00e0 partir du XII<sup>\u00e8me<\/sup> si\u00e8cle, progressivement, en fonction de l\u2019extension de la population, pour s\u2019achever dans le cours du XIII<sup>\u00e8me<\/sup> si\u00e8cle. L\u2019ensemble des demeures anciennes est ant\u00e9rieur au XV<sup>\u00e8me<\/sup> si\u00e8cle. On peut penser que le premier habitat\u00a0 construit de mani\u00e8re plus l\u00e9g\u00e8re, a disparu pour laisser la place au fur et \u00e0 mesure \u00e0 des\u00a0 constructions en pierre.<br \/>\nHabitat polyvalent, les rez-de-chauss\u00e9e sont compos\u00e9s d\u2019\u00e9choppes ou de caves, les habitations sont \u00e0 l\u2019\u00e9tage. Le tissu b\u00e2ti est dense, laissant peu de place aux espaces non b\u00e2tis. L\u2019espace public, notamment les places, \u00e9tait r\u00e9duit au strict minimum.<br \/>\nIl faut souligner l\u2019homog\u00e9n\u00e9it\u00e9 des constructions, appartenant \u00e0 une phase tardive du style roman, avec introduction des premiers caract\u00e8res de style gothique. Toutes les maisons, construites sur des parcelles plus profondes que larges, comptent un \u00e9tage et pr\u00e9sentent sur la rue un mur goutterot. \u00a0Aucune\u00a0 construction ne para\u00eet illustrer\u00a0 un profil roman, malgr\u00e9 l\u2019omnipr\u00e9sence\u00a0 des\u00a0 trac\u00e9s\u00a0 en plein cintre dans les baies des fen\u00eatres\u00a0 ou dans l\u2019ouverture de nombreuses portes.<br \/>\nCette unit\u00e9 renvoie \u00e0 une phase de grande prosp\u00e9rit\u00e9 qu\u2019il est tentant de mettre en relation avec celle de l\u2019abbaye que l\u2019on peut situer dans le dernier quart du XIII<sup>\u00e8me<\/sup> si\u00e8cle.<\/p>\n<p>Sous l\u2019Ancien r\u00e9gime, l\u2019abb\u00e9 incarnait le seul seigneur en toute justice de Lagrasse. Cependant, les habitants repr\u00e9sent\u00e9s par des \u00ab\u00a0Consuls\u00a0\u00bb, g\u00e9raient les affaires de la communaut\u00e9. Ces consuls, cit\u00e9s d\u00e8s 1269, oscillaient en nombre de deux \u00e0 quatre.<\/p>\n<p>Du Moyen Age jusqu\u2019au XVIII<sup>\u00e8me<\/sup> si\u00e8cle, les ressources agricoles et l\u2019\u00e9levage constituait l\u2019essentiel des revenus de Lagrasse. Toutefois, le village \u00e9tait \u00e9galement tourn\u00e9 vers l\u2019artisanat et le commerce. La commune, qui se distinguait alors par son activit\u00e9 drapi\u00e8re, accueillait le plus grand march\u00e9 des Basses Corbi\u00e8res. Aujourd\u2019hui, ce chef lieu de canton vit essentiellement du produit de la vigne et de l\u2019accueil touristique. Il a r\u00e9ouvert ses \u00e9choppes qui abritent de nombreux cr\u00e9ateurs et artisans d\u2019art.[\/vc_column_text][\/vc_column_inner][\/vc_row_inner][\/vc_tta_section][\/vc_tta_tabs][\/vc_column][\/vc_row]<\/p>\n","protected":false},"excerpt":{"rendered":"<p>[vc_row full_width=\u00a0\u00bbstretch_row_content_no_spaces\u00a0\u00bb css=\u00a0\u00bb.vc_custom_1480434066223{margin-top: -30px !important;background-color: #ffffff !important;}\u00a0\u00bb][vc_column][vc_tta_tabs alignment=\u00a0\u00bbcenter\u00a0\u00bb active_section=\u00a0\u00bb1&Prime;][vc_tta_section i_icon_fontawesome=\u00a0\u00bbfa fa-picture-o\u00a0\u00bb add_icon=\u00a0\u00bbtrue\u00a0\u00bb title=\u00a0\u00bbDescriptif\u00a0\u00bb tab_id=\u00a0\u00bb1459367215500-d1f20c47-77a3&Prime;][vc_empty_space height=\u00a0\u00bb50px\u00a0\u00bb][vc_custom_heading text=\u00a0\u00bbLe village\u00a0\u00bb font_container=\u00a0\u00bbtag:h2|text_align:center\u00a0\u00bb google_fonts=\u00a0\u00bbfont_family:Neuton%3A200%2C300%2Cregular%2Citalic%2C700%2C800|font_style:400%20regular%3A400%3Anormal\u00a0\u00bb][vc_row_inner][vc_column_inner][vc_single_image image=\u00a0\u00bb189&Prime; img_size=\u00a0\u00bbfull\u00a0\u00bb css=\u00a0\u00bb.vc_custom_1481014326226{margin-right: 100px !important;margin-left: 100px !important;}\u00a0\u00bb][vc_column_text [&hellip;]<\/p>\n","protected":false},"author":1,"featured_media":0,"parent":0,"menu_order":0,"comment_status":"closed","ping_status":"closed","template":"","meta":{"footnotes":""},"class_list":["post-15","page","type-page","status-publish","hentry"],"_links":{"self":[{"href":"http:\/\/www.lagrasse.fr\/index.php?rest_route=\/wp\/v2\/pages\/15"}],"collection":[{"href":"http:\/\/www.lagrasse.fr\/index.php?rest_route=\/wp\/v2\/pages"}],"about":[{"href":"http:\/\/www.lagrasse.fr\/index.php?rest_route=\/wp\/v2\/types\/page"}],"author":[{"embeddable":true,"href":"http:\/\/www.lagrasse.fr\/index.php?rest_route=\/wp\/v2\/users\/1"}],"replies":[{"embeddable":true,"href":"http:\/\/www.lagrasse.fr\/index.php?rest_route=%2Fwp%2Fv2%2Fcomments&post=15"}],"version-history":[{"count":28,"href":"http:\/\/www.lagrasse.fr\/index.php?rest_route=\/wp\/v2\/pages\/15\/revisions"}],"predecessor-version":[{"id":1175,"href":"http:\/\/www.lagrasse.fr\/index.php?rest_route=\/wp\/v2\/pages\/15\/revisions\/1175"}],"wp:attachment":[{"href":"http:\/\/www.lagrasse.fr\/index.php?rest_route=%2Fwp%2Fv2%2Fmedia&parent=15"}],"curies":[{"name":"wp","href":"https:\/\/api.w.org\/{rel}","templated":true}]}}