{"id":1549,"date":"2019-01-18T08:26:08","date_gmt":"2019-01-18T07:26:08","guid":{"rendered":"http:\/\/www.lagrasse.fr\/?page_id=1549"},"modified":"2023-06-26T10:24:16","modified_gmt":"2023-06-26T09:24:16","slug":"acces-et-parking","status":"publish","type":"page","link":"http:\/\/www.lagrasse.fr\/?page_id=1549","title":{"rendered":"Acc\u00e8s et parking"},"content":{"rendered":"<p>[vc_row full_width=\u00a0\u00bbstretch_row_content\u00a0\u00bb][vc_column][vc_column_text]<\/p>\n<h2><strong>Acc\u00e8s et Parking<\/strong><\/h2>\n<p>[\/vc_column_text][vc_row_inner][vc_column_inner width=\u00a0\u00bb1\/4&Prime;][vc_custom_heading text=\u00a0\u00bbEn voiture\u00a0\u00bb google_fonts=\u00a0\u00bbfont_family:Neuton%3A200%2C300%2Cregular%2Citalic%2C700%2C800|font_style:400%20regular%3A400%3Anormal\u00a0\u00bb][vc_column_text]Venant de l\u00b4autoroute A61, prendre la sortie n\u00b025 L\u00e9zignan Corbi\u00e8res, suivre Lagrasse (20 mn)<\/p>\n<p>Venant de Carcassonne, sortie Autoroute des deux mers n\u00b0 24 ou choisir la D3 depuis Tr\u00e8bes (45mn)[\/vc_column_text][\/vc_column_inner][vc_column_inner width=\u00a0\u00bb1\/4&Prime;][vc_custom_heading text=\u00a0\u00bbEn avion\u00a0\u00bb google_fonts=\u00a0\u00bbfont_family:Neuton%3A200%2C300%2Cregular%2Citalic%2C700%2C800|font_style:400%20regular%3A400%3Anormal\u00a0\u00bb][vc_column_text]A\u00e9roport de Carcassonne (45 minutes)<br \/>\nVol en provenance d\u00b4Angleterre, Irlande, Espagne<br \/>\n<a href=\"http:\/\/www.aeroport-carcassonne.com\">www.aeroport-carcassonne.com<\/a><\/p>\n<p>A\u00e9roport de B\u00e9ziers (50 minutes)<br \/>\nVol en provenance d\u2019Angleterre, Allemagne, Su\u00e8de, Norv\u00e8ge.<br \/>\n<a href=\"http:\/\/www.beziers.aeroport.fr\">\u00a0www.beziers.aeroport.fr<\/a>.<\/p>\n<p>A\u00e9roport de Montpellier M\u00e9diterran\u00e9e (90 minutes)\u00a0<a href=\"http:\/\/www.montpellier.aeroport.fr\">www.montpellier.aeroport.fr<\/a><\/p>\n<p>A\u00e9roport de Toulouse (90mn minutes)\u00a0<a href=\"http:\/\/www.toulouse.aeroport.fr\">www.toulouse.aeroport.fr<\/a><\/p>\n<p>A\u00e9roport de Perpignan (1 heure)\u00a0<a href=\"http:\/\/www.aeroport-perpignan.com\">www.aeroport-perpignan.com<\/a>[\/vc_column_text][\/vc_column_inner][vc_column_inner width=\u00a0\u00bb1\/4&Prime;][vc_custom_heading text=\u00a0\u00bbEn train\u00a0\u00bb google_fonts=\u00a0\u00bbfont_family:Neuton%3A200%2C300%2Cregular%2Citalic%2C700%2C800|font_style:400%20regular%3A400%3Anormal\u00a0\u00bb][vc_column_text]L\u00e9zignan-Corbi\u00e8res (20 minutes)<\/p>\n<p>Carcassonne, Narbonne (45 mins)<\/p>\n<p>Eurostar jusqu \u0301\u00e0 Montpellier<\/p>\n<p><a href=\"http:\/\/www.sncf.com\">www.sncf.com<\/a>[\/vc_column_text][\/vc_column_inner][vc_column_inner width=\u00a0\u00bb1\/4&Prime;][vc_custom_heading text=\u00a0\u00bbParkings\u00a0\u00bb google_fonts=\u00a0\u00bbfont_family:Neuton%3A200%2C300%2Cregular%2Citalic%2C700%2C800|font_style:400%20regular%3A400%3Anormal\u00a0\u00bb][vc_column_text]Tous les visiteurs sont invit\u00e9s \u00e0 se garer dans l&rsquo;un des trois parkings payants mis \u00e0 leur disposition \u00e0 l\u00b4entr\u00e9e du village P1, P2 et P3.<\/p>\n<p><strong><span style=\"color: #9d2a5a;\">Parkings visiteurs obligatoire\u00a0TOUTE L&rsquo;ANNEE<\/span><\/strong><\/p>\n<p>Le Parking est payant de 10h00 \u00e0 18h00 et co\u00fbte 0.70 \u20ac l&rsquo;heure ou 4\u20ac la journ\u00e9e.<\/p>\n<p>P1 et P2 munis d\u2019une borne de recharge pour voiture \u00e9lectrique.[\/vc_column_text][\/vc_column_inner][\/vc_row_inner][\/vc_column][\/vc_row]<\/p>\n","protected":false},"excerpt":{"rendered":"<p>[vc_row full_width=\u00a0\u00bbstretch_row_content\u00a0\u00bb][vc_column][vc_column_text] Acc\u00e8s et Parking [\/vc_column_text][vc_row_inner][vc_column_inner width=\u00a0\u00bb1\/4&Prime;][vc_custom_heading text=\u00a0\u00bbEn voiture\u00a0\u00bb google_fonts=\u00a0\u00bbfont_family:Neuton%3A200%2C300%2Cregular%2Citalic%2C700%2C800|font_style:400%20regular%3A400%3Anormal\u00a0\u00bb][vc_column_text]Venant de l\u00b4autoroute A61, prendre la sortie n\u00b025 L\u00e9zignan Corbi\u00e8res, suivre Lagrasse (20 mn) Venant de Carcassonne, [&hellip;]<\/p>\n","protected":false},"author":1,"featured_media":0,"parent":285,"menu_order":0,"comment_status":"closed","ping_status":"closed","template":"","meta":{"footnotes":""},"class_list":["post-1549","page","type-page","status-publish","hentry"],"_links":{"self":[{"href":"http:\/\/www.lagrasse.fr\/index.php?rest_route=\/wp\/v2\/pages\/1549"}],"collection":[{"href":"http:\/\/www.lagrasse.fr\/index.php?rest_route=\/wp\/v2\/pages"}],"about":[{"href":"http:\/\/www.lagrasse.fr\/index.php?rest_route=\/wp\/v2\/types\/page"}],"author":[{"embeddable":true,"href":"http:\/\/www.lagrasse.fr\/index.php?rest_route=\/wp\/v2\/users\/1"}],"replies":[{"embeddable":true,"href":"http:\/\/www.lagrasse.fr\/index.php?rest_route=%2Fwp%2Fv2%2Fcomments&post=1549"}],"version-history":[{"count":11,"href":"http:\/\/www.lagrasse.fr\/index.php?rest_route=\/wp\/v2\/pages\/1549\/revisions"}],"predecessor-version":[{"id":2430,"href":"http:\/\/www.lagrasse.fr\/index.php?rest_route=\/wp\/v2\/pages\/1549\/revisions\/2430"}],"up":[{"embeddable":true,"href":"http:\/\/www.lagrasse.fr\/index.php?rest_route=\/wp\/v2\/pages\/285"}],"wp:attachment":[{"href":"http:\/\/www.lagrasse.fr\/index.php?rest_route=%2Fwp%2Fv2%2Fmedia&parent=1549"}],"curies":[{"name":"wp","href":"https:\/\/api.w.org\/{rel}","templated":true}]}}