{"id":528,"date":"2016-12-06T15:36:57","date_gmt":"2016-12-06T14:36:57","guid":{"rendered":"http:\/\/lagrasseay.cluster011.ovh.net\/?page_id=528"},"modified":"2024-07-02T09:28:52","modified_gmt":"2024-07-02T08:28:52","slug":"festivites","status":"publish","type":"page","link":"http:\/\/www.lagrasse.fr\/?page_id=528","title":{"rendered":"festivit\u00e9s"},"content":{"rendered":"<p>[vc_row full_width=\u00a0\u00bbstretch_row_content\u00a0\u00bb][vc_column][vc_row_inner][vc_column_inner width=\u00a0\u00bb1\/2&Prime;][vc_custom_heading text=\u00a0\u00bbFestival des Abracadagrasses\u00a0\u00bb font_container=\u00a0\u00bbtag:h2|text_align:center\u00a0\u00bb google_fonts=\u00a0\u00bbfont_family:Neuton%3A200%2C300%2Cregular%2Citalic%2C700%2C800|font_style:400%20regular%3A400%3Anormal\u00a0\u00bb][vc_single_image image=\u00a0\u00bb1163&Prime; img_size=\u00a0\u00bbfull\u00a0\u00bb alignment=\u00a0\u00bbcenter\u00a0\u00bb][vc_column_text css=\u00a0\u00bb.vc_custom_1495461001489{margin-top: -50px !important;}\u00a0\u00bb]Depuis 1999, abrit\u00e9 sous les halles centenaires, le festival des Abracadagrasses perdure et persiste au point de devenir un incontournable en son genre. Un festival d\u00e9nicheur de talents, loin des programmations copi\u00e9es-coll\u00e9es ; une pure incitation \u00e0 la d\u00e9couverte d&rsquo;artistes \u00e9mergents ou reconnus \u00e0 travers le monde. Une affiche exigeante, \u00e9clectique et avant-gardiste, o\u00f9 se succ\u00e8dent les incontournables du moment, dans un cadre exceptionnel, au coeur de la cit\u00e9 m\u00e9di\u00e9vale de Lagrasse avec sa rivi\u00e8re et sa bonne humeur, pour un festival accessible \u00e0 tous, convivial et toujours \u00e0 taille humaine&#8230;<\/p>\n<p><a href=\"http:\/\/www.abracadagrasses.fr\" target=\"_blank\" rel=\"noopener noreferrer\">www.abracadagrasses.fr<\/a>[\/vc_column_text][vc_separator][vc_custom_heading text=\u00a0\u00bbLa foire aux images\u00a0\u00bb font_container=\u00a0\u00bbtag:h2|text_align:center\u00a0\u00bb google_fonts=\u00a0\u00bbfont_family:Neuton%3A200%2C300%2Cregular%2Citalic%2C700%2C800|font_style:400%20regular%3A400%3Anormal\u00a0\u00bb][vc_single_image image=\u00a0\u00bb1167&Prime; img_size=\u00a0\u00bbfull\u00a0\u00bb alignment=\u00a0\u00bbcenter\u00a0\u00bb][vc_column_text css=\u00a0\u00bb.vc_custom_1549007862361{margin-top: -50px !important;}\u00a0\u00bb]Festival de BD \u00e0 Lagrasse<\/p>\n<p>Collectionneurs de BD,arch\u00e9ologues, dessinateurs, historiens se sont associ\u00e9s pour cr\u00e9er ce festival et proposer au public chaque ann\u00e9e un voyage entre les narrations graphiques pass\u00e9es et pr\u00e9sentes.<\/p>\n<p><a href=\"https:\/\/bdlagrasse.wordpress.com\">bdlagrasse.wordpress.com<\/a>[\/vc_column_text][vc_separator][vc_custom_heading text=\u00a0\u00bbLes pages musicales de Lagrasse\u00a0\u00bb font_container=\u00a0\u00bbtag:h2|text_align:center\u00a0\u00bb google_fonts=\u00a0\u00bbfont_family:Neuton%3A200%2C300%2Cregular%2Citalic%2C700%2C800|font_style:400%20regular%3A400%3Anormal\u00a0\u00bb][vc_single_image image=\u00a0\u00bb1228&Prime; img_size=\u00a0\u00bbfull\u00a0\u00bb alignment=\u00a0\u00bbcenter\u00a0\u00bb][vc_column_text css=\u00a0\u00bb.vc_custom_1549008726680{margin-top: -50px !important;}\u00a0\u00bb]Festival cr\u00e9e par le pianiste Adam Laloum, \u201cles Pages Musicales\u201d font d\u00e9sormais partie du paysage culturel de la r\u00e9gion, et nous allons nous attacher \u00e0 pr\u00e9server leur caract\u00e8re authentique et unique : de jeunes interpr\u00e8tes engag\u00e9s dans des carri\u00e8res internationales d\u00e9cident une fois par an de se retrouver en dehors des cadres traditionnels dans un village magnifique ; un accueil convivial, des b\u00e9n\u00e9voles attentifs, un rendez vous sous la halle avec des producteurs de la r\u00e9gion o\u00f9 se m\u00ealent auditeurs et artistes pendant les entr\u2019actes. Et bien \u00e9videmment la magie de la musique qui nous unit tous et chacun dans la spiritualit\u00e9.\u2028L\u00b4\u00e9glise Saint Michel ouvre ses portes \u00e0 la musique de chambre, ses grands chefs d\u2019\u0153uvres et des joyaux plus discrets.<\/p>\n<p><a href=\"http:\/\/www.festival-lagrasse.com\">\u00a0www.festival-lagrasse.com<\/a>[\/vc_column_text][\/vc_column_inner][vc_column_inner width=\u00a0\u00bb1\/2&Prime;][vc_custom_heading text=\u00a0\u00bbla Maison du Banquet et des g\u00e9n\u00e9rations\u00a0\u00bb font_container=\u00a0\u00bbtag:h2|text_align:center\u00a0\u00bb google_fonts=\u00a0\u00bbfont_family:Neuton%3A200%2C300%2Cregular%2Citalic%2C700%2C800|font_style:400%20regular%3A400%3Anormal\u00a0\u00bb][vc_single_image image=\u00a0\u00bb1257&Prime; img_size=\u00a0\u00bbfull\u00a0\u00bb add_caption=\u00a0\u00bbyes\u00a0\u00bb alignment=\u00a0\u00bbcenter\u00a0\u00bb][vc_column_text css=\u00a0\u00bb.vc_custom_1549007518724{margin-top: -50px !important;}\u00a0\u00bb]CENTRE DE RENCONTRES ET D\u2019\u00c9TUDES AUTOUR DU\u00a0LIVRE ET DE\u00a0LA\u00a0PENS\u00c9E<br \/>\nDepuis 1995, La Maison du Banquet est un centre culturel (livres, litt\u00e9rature et pens\u00e9e), install\u00e9 dans l\u2019abbaye m\u00e9di\u00e9vale publique de Lagrasse, au c\u0153ur des Corbi\u00e8res (Aude) qui propose : des festivals litt\u00e9raires et de philosophie, des ateliers de litt\u00e9rature, \u00e9criture et philosophie, des rencontres d\u2019\u00e9crivain, une librairie et un caf\u00e9 litt\u00e9raire.<\/p>\n<p><a href=\"http:\/\/www.lamaisondubanquet.fr\" target=\"_blank\" rel=\"noopener noreferrer\">www.lamaisondubanquet.fr<\/a>[\/vc_column_text][vc_separator][vc_separator][vc_custom_heading text=\u00a0\u00bbLes Ptibals\u00a0\u00bb font_container=\u00a0\u00bbtag:h2|text_align:center\u00a0\u00bb google_fonts=\u00a0\u00bbfont_family:Neuton%3A200%2C300%2Cregular%2Citalic%2C700%2C800|font_style:400%20regular%3A400%3Anormal\u00a0\u00bb][vc_single_image image=\u00a0\u00bb1225&Prime; img_size=\u00a0\u00bbfull\u00a0\u00bb alignment=\u00a0\u00bbcenter\u00a0\u00bb][vc_column_text css=\u00a0\u00bb.vc_custom_1719908919440{margin-top: -50px !important;}\u00a0\u00bb]Festival Folk qui se d\u00e9roulent sur 4 jours le dernier weekend d\u00b4ao\u00fbt. Des groupes live, des ateliers danse, chant et musique, une sc\u00e8ne d\u00e9couverte, des initiations de danses et un bal du dimanche en plein air avec sa guinguette.<\/p>\n<p><a href=\"https:\/\/ptibals.wixsite.com\/lesptibals\">www.ptibals.wixsite.com<\/a>[\/vc_column_text][vc_separator][vc_custom_heading text=\u00a0\u00bbEn blanc et Noir\u00a0\u00bb font_container=\u00a0\u00bbtag:h2|text_align:center\u00a0\u00bb google_fonts=\u00a0\u00bbfont_family:Neuton%3A200%2C300%2Cregular%2Citalic%2C700%2C800|font_style:400%20regular%3A400%3Anormal\u00a0\u00bb][vc_single_image image=\u00a0\u00bb1227&Prime; img_size=\u00a0\u00bbfull\u00a0\u00bb alignment=\u00a0\u00bbcenter\u00a0\u00bb][vc_column_text css=\u00a0\u00bb.vc_custom_1549009323903{margin-top: -50px !important;}\u00a0\u00bb]Le festival propose une sc\u00e8ne \u00e0 des jeunes musiciens venus des quatre coins du monde.<\/p>\n<p>Les r\u00e9citals se tiennent sur la Place de la Halle au c\u0153ur du village historique, sous la halle du march\u00e9 datant du 14\u00e8me si\u00e8cle \u2013 un lieu \u00e0 la fois sc\u00e9nique et impr\u00e9gn\u00e9 d&rsquo;histoire. Le public profite d&rsquo;une ambiance f\u00e9erique et unique, en \u00e9coutant Mozart ou Debussy, Saint-Sa\u00ebns ou Stravinsky, sous un ciel \u00e9toil\u00e9.<br \/>\nNous organisons un festival gratuit qui permet de cr\u00e9er des relations durables entre\u00a0\u00a0les musiciens, les habitants de Lagrasse, les visiteurs et les talents locaux.<\/p>\n<p><a href=\"http:\/\/www.enblancetnoir.com\">www.enblancetnoir.com<\/a>[\/vc_column_text][\/vc_column_inner][\/vc_row_inner][\/vc_column][\/vc_row][vc_row full_width=\u00a0\u00bbstretch_row_content\u00a0\u00bb][vc_column width=\u00a0\u00bb1\/2&Prime;][\/vc_column][vc_column width=\u00a0\u00bb1\/2&Prime;][\/vc_column][\/vc_row]<\/p>\n","protected":false},"excerpt":{"rendered":"<p>[vc_row full_width=\u00a0\u00bbstretch_row_content\u00a0\u00bb][vc_column][vc_row_inner][vc_column_inner width=\u00a0\u00bb1\/2&Prime;][vc_custom_heading text=\u00a0\u00bbFestival des Abracadagrasses\u00a0\u00bb font_container=\u00a0\u00bbtag:h2|text_align:center\u00a0\u00bb google_fonts=\u00a0\u00bbfont_family:Neuton%3A200%2C300%2Cregular%2Citalic%2C700%2C800|font_style:400%20regular%3A400%3Anormal\u00a0\u00bb][vc_single_image image=\u00a0\u00bb1163&Prime; img_size=\u00a0\u00bbfull\u00a0\u00bb alignment=\u00a0\u00bbcenter\u00a0\u00bb][vc_column_text css=\u00a0\u00bb.vc_custom_1495461001489{margin-top: -50px !important;}\u00a0\u00bb]Depuis 1999, abrit\u00e9 sous les halles centenaires, le festival des Abracadagrasses perdure et [&hellip;]<\/p>\n","protected":false},"author":1,"featured_media":0,"parent":526,"menu_order":0,"comment_status":"closed","ping_status":"closed","template":"","meta":{"footnotes":""},"class_list":["post-528","page","type-page","status-publish","hentry"],"_links":{"self":[{"href":"http:\/\/www.lagrasse.fr\/index.php?rest_route=\/wp\/v2\/pages\/528"}],"collection":[{"href":"http:\/\/www.lagrasse.fr\/index.php?rest_route=\/wp\/v2\/pages"}],"about":[{"href":"http:\/\/www.lagrasse.fr\/index.php?rest_route=\/wp\/v2\/types\/page"}],"author":[{"embeddable":true,"href":"http:\/\/www.lagrasse.fr\/index.php?rest_route=\/wp\/v2\/users\/1"}],"replies":[{"embeddable":true,"href":"http:\/\/www.lagrasse.fr\/index.php?rest_route=%2Fwp%2Fv2%2Fcomments&post=528"}],"version-history":[{"count":9,"href":"http:\/\/www.lagrasse.fr\/index.php?rest_route=\/wp\/v2\/pages\/528\/revisions"}],"predecessor-version":[{"id":2457,"href":"http:\/\/www.lagrasse.fr\/index.php?rest_route=\/wp\/v2\/pages\/528\/revisions\/2457"}],"up":[{"embeddable":true,"href":"http:\/\/www.lagrasse.fr\/index.php?rest_route=\/wp\/v2\/pages\/526"}],"wp:attachment":[{"href":"http:\/\/www.lagrasse.fr\/index.php?rest_route=%2Fwp%2Fv2%2Fmedia&parent=528"}],"curies":[{"name":"wp","href":"https:\/\/api.w.org\/{rel}","templated":true}]}}